{"id":6942,"date":"2021-05-03T11:04:13","date_gmt":"2021-05-03T11:04:13","guid":{"rendered":"https:\/\/andelsa.es\/?page_id=6942"},"modified":"2026-04-23T11:21:53","modified_gmt":"2026-04-23T11:21:53","slug":"andel","status":"publish","type":"page","link":"https:\/\/andelsa.es\/fr\/andel\/","title":{"rendered":"Andel"},"content":{"rendered":"","protected":false},"excerpt":{"rendered":"","protected":false},"author":1,"featured_media":0,"parent":0,"menu_order":0,"comment_status":"closed","ping_status":"closed","template":"","meta":{"footnotes":""},"class_list":["post-6942","page","type-page","status-publish","hentry"],"yoast_head":"<!-- This site is optimized with the Yoast SEO plugin v27.4 - https:\/\/yoast.com\/product\/yoast-seo-wordpress\/ -->\n<title>Andel - Fabrication et assemblage de structures m\u00e9talliques<\/title>\n<meta name=\"description\" content=\"Nous sommes d\u00e9di\u00e9s \u00e0 la fabrication et \u00e0 l&#039;assemblage de structures m\u00e9talliques pour le secteur des transports et de l&#039;\u00e9nergie \u00e9lectrique\" \/>\n<meta name=\"robots\" content=\"index, follow, max-snippet:-1, max-image-preview:large, max-video-preview:-1\" \/>\n<link rel=\"canonical\" href=\"https:\/\/andelsa.es\/fr\/andel\/\" \/>\n<meta property=\"og:locale\" content=\"fr_FR\" \/>\n<meta property=\"og:type\" content=\"article\" \/>\n<meta property=\"og:title\" content=\"Andel - Fabrication et assemblage de structures m\u00e9talliques\" \/>\n<meta property=\"og:description\" content=\"Nous sommes d\u00e9di\u00e9s \u00e0 la fabrication et \u00e0 l&#039;assemblage de structures m\u00e9talliques pour le secteur des transports et de l&#039;\u00e9nergie \u00e9lectrique\" \/>\n<meta property=\"og:url\" content=\"https:\/\/andelsa.es\/fr\/andel\/\" \/>\n<meta property=\"og:site_name\" content=\"Andel\" \/>\n<meta property=\"article:modified_time\" content=\"2026-04-23T11:21:53+00:00\" \/>\n<meta property=\"og:image\" content=\"https:\/\/andelsa.es\/wp-content\/uploads\/2021\/05\/facebook-andel-reds.jpg\" \/>\n\t<meta property=\"og:image:width\" content=\"379\" \/>\n\t<meta property=\"og:image:height\" content=\"261\" \/>\n\t<meta property=\"og:image:type\" content=\"image\/jpeg\" \/>\n<meta name=\"twitter:card\" content=\"summary_large_image\" \/>\n<meta name=\"twitter:title\" content=\"Andel - Fabrication et assemblage de structures m\u00e9talliques\" \/>\n<meta name=\"twitter:description\" content=\"Nous sommes d\u00e9di\u00e9s \u00e0 la fabrication et \u00e0 l&#039;assemblage de structures m\u00e9talliques pour le secteur des transports et de l&#039;\u00e9nergie \u00e9lectrique\" \/>\n<meta name=\"twitter:image\" content=\"https:\/\/andelsa.es\/wp-content\/uploads\/2021\/05\/facebook-andel-reds.jpg\" \/>\n<meta name=\"twitter:label1\" content=\"Dur\u00e9e de lecture estim\u00e9e\" \/>\n\t<meta name=\"twitter:data1\" content=\"5 minutes\" \/>\n<script type=\"application\/ld+json\" class=\"yoast-schema-graph\">{\"@context\":\"https:\\\/\\\/schema.org\",\"@graph\":[{\"@type\":\"WebPage\",\"@id\":\"https:\\\/\\\/andelsa.es\\\/fr\\\/andel\\\/\",\"url\":\"https:\\\/\\\/andelsa.es\\\/fr\\\/andel\\\/\",\"name\":\"Andel - Fabrication et assemblage de structures m\u00e9talliques\",\"isPartOf\":{\"@id\":\"https:\\\/\\\/andelsa.es\\\/fr\\\/#website\"},\"datePublished\":\"2021-05-03T11:04:13+00:00\",\"dateModified\":\"2026-04-23T11:21:53+00:00\",\"description\":\"Nous sommes d\u00e9di\u00e9s \u00e0 la fabrication et \u00e0 l'assemblage de structures m\u00e9talliques pour le secteur des transports et de l'\u00e9nergie \u00e9lectrique\",\"breadcrumb\":{\"@id\":\"https:\\\/\\\/andelsa.es\\\/fr\\\/andel\\\/#breadcrumb\"},\"inLanguage\":\"fr-FR\",\"potentialAction\":[{\"@type\":\"ReadAction\",\"target\":[\"https:\\\/\\\/andelsa.es\\\/fr\\\/andel\\\/\"]}]},{\"@type\":\"BreadcrumbList\",\"@id\":\"https:\\\/\\\/andelsa.es\\\/fr\\\/andel\\\/#breadcrumb\",\"itemListElement\":[{\"@type\":\"ListItem\",\"position\":1,\"name\":\"Portada\",\"item\":\"https:\\\/\\\/andelsa.es\\\/fr\\\/\"},{\"@type\":\"ListItem\",\"position\":2,\"name\":\"Andel\"}]},{\"@type\":\"WebSite\",\"@id\":\"https:\\\/\\\/andelsa.es\\\/fr\\\/#website\",\"url\":\"https:\\\/\\\/andelsa.es\\\/fr\\\/\",\"name\":\"Andel\",\"description\":\"Fabricaci\u00f3n de estructuras met\u00e1licas\",\"publisher\":{\"@id\":\"https:\\\/\\\/andelsa.es\\\/fr\\\/#organization\"},\"potentialAction\":[{\"@type\":\"SearchAction\",\"target\":{\"@type\":\"EntryPoint\",\"urlTemplate\":\"https:\\\/\\\/andelsa.es\\\/fr\\\/?s={search_term_string}\"},\"query-input\":{\"@type\":\"PropertyValueSpecification\",\"valueRequired\":true,\"valueName\":\"search_term_string\"}}],\"inLanguage\":\"fr-FR\"},{\"@type\":\"Organization\",\"@id\":\"https:\\\/\\\/andelsa.es\\\/fr\\\/#organization\",\"name\":\"Andel S.L\",\"url\":\"https:\\\/\\\/andelsa.es\\\/fr\\\/\",\"logo\":{\"@type\":\"ImageObject\",\"inLanguage\":\"fr-FR\",\"@id\":\"https:\\\/\\\/andelsa.es\\\/fr\\\/#\\\/schema\\\/logo\\\/image\\\/\",\"url\":\"https:\\\/\\\/andelsa.es\\\/wp-content\\\/uploads\\\/2021\\\/03\\\/Logo-Andel-1.png\",\"contentUrl\":\"https:\\\/\\\/andelsa.es\\\/wp-content\\\/uploads\\\/2021\\\/03\\\/Logo-Andel-1.png\",\"width\":2395,\"height\":886,\"caption\":\"Andel S.L\"},\"image\":{\"@id\":\"https:\\\/\\\/andelsa.es\\\/fr\\\/#\\\/schema\\\/logo\\\/image\\\/\"},\"sameAs\":[\"https:\\\/\\\/es.linkedin.com\\\/company\\\/andelsa\"]}]}<\/script>\n<!-- \/ Yoast SEO plugin. -->","yoast_head_json":{"title":"Andel - Fabrication et assemblage de structures m\u00e9talliques","description":"Nous sommes d\u00e9di\u00e9s \u00e0 la fabrication et \u00e0 l'assemblage de structures m\u00e9talliques pour le secteur des transports et de l'\u00e9nergie \u00e9lectrique","robots":{"index":"index","follow":"follow","max-snippet":"max-snippet:-1","max-image-preview":"max-image-preview:large","max-video-preview":"max-video-preview:-1"},"canonical":"https:\/\/andelsa.es\/fr\/andel\/","og_locale":"fr_FR","og_type":"article","og_title":"Andel - Fabrication et assemblage de structures m\u00e9talliques","og_description":"Nous sommes d\u00e9di\u00e9s \u00e0 la fabrication et \u00e0 l'assemblage de structures m\u00e9talliques pour le secteur des transports et de l'\u00e9nergie \u00e9lectrique","og_url":"https:\/\/andelsa.es\/fr\/andel\/","og_site_name":"Andel","article_modified_time":"2026-04-23T11:21:53+00:00","og_image":[{"width":379,"height":261,"url":"https:\/\/andelsa.es\/wp-content\/uploads\/2021\/05\/facebook-andel-reds.jpg","type":"image\/jpeg"}],"twitter_card":"summary_large_image","twitter_title":"Andel - Fabrication et assemblage de structures m\u00e9talliques","twitter_description":"Nous sommes d\u00e9di\u00e9s \u00e0 la fabrication et \u00e0 l'assemblage de structures m\u00e9talliques pour le secteur des transports et de l'\u00e9nergie \u00e9lectrique","twitter_image":"https:\/\/andelsa.es\/wp-content\/uploads\/2021\/05\/facebook-andel-reds.jpg","twitter_misc":{"Dur\u00e9e de lecture estim\u00e9e":"5 minutes"},"schema":{"@context":"https:\/\/schema.org","@graph":[{"@type":"WebPage","@id":"https:\/\/andelsa.es\/fr\/andel\/","url":"https:\/\/andelsa.es\/fr\/andel\/","name":"Andel - Fabrication et assemblage de structures m\u00e9talliques","isPartOf":{"@id":"https:\/\/andelsa.es\/fr\/#website"},"datePublished":"2021-05-03T11:04:13+00:00","dateModified":"2026-04-23T11:21:53+00:00","description":"Nous sommes d\u00e9di\u00e9s \u00e0 la fabrication et \u00e0 l'assemblage de structures m\u00e9talliques pour le secteur des transports et de l'\u00e9nergie \u00e9lectrique","breadcrumb":{"@id":"https:\/\/andelsa.es\/fr\/andel\/#breadcrumb"},"inLanguage":"fr-FR","potentialAction":[{"@type":"ReadAction","target":["https:\/\/andelsa.es\/fr\/andel\/"]}]},{"@type":"BreadcrumbList","@id":"https:\/\/andelsa.es\/fr\/andel\/#breadcrumb","itemListElement":[{"@type":"ListItem","position":1,"name":"Portada","item":"https:\/\/andelsa.es\/fr\/"},{"@type":"ListItem","position":2,"name":"Andel"}]},{"@type":"WebSite","@id":"https:\/\/andelsa.es\/fr\/#website","url":"https:\/\/andelsa.es\/fr\/","name":"Andel","description":"Fabricaci\u00f3n de estructuras met\u00e1licas","publisher":{"@id":"https:\/\/andelsa.es\/fr\/#organization"},"potentialAction":[{"@type":"SearchAction","target":{"@type":"EntryPoint","urlTemplate":"https:\/\/andelsa.es\/fr\/?s={search_term_string}"},"query-input":{"@type":"PropertyValueSpecification","valueRequired":true,"valueName":"search_term_string"}}],"inLanguage":"fr-FR"},{"@type":"Organization","@id":"https:\/\/andelsa.es\/fr\/#organization","name":"Andel S.L","url":"https:\/\/andelsa.es\/fr\/","logo":{"@type":"ImageObject","inLanguage":"fr-FR","@id":"https:\/\/andelsa.es\/fr\/#\/schema\/logo\/image\/","url":"https:\/\/andelsa.es\/wp-content\/uploads\/2021\/03\/Logo-Andel-1.png","contentUrl":"https:\/\/andelsa.es\/wp-content\/uploads\/2021\/03\/Logo-Andel-1.png","width":2395,"height":886,"caption":"Andel S.L"},"image":{"@id":"https:\/\/andelsa.es\/fr\/#\/schema\/logo\/image\/"},"sameAs":["https:\/\/es.linkedin.com\/company\/andelsa"]}]}},"_links":{"self":[{"href":"https:\/\/andelsa.es\/fr\/wp-json\/wp\/v2\/pages\/6942","targetHints":{"allow":["GET"]}}],"collection":[{"href":"https:\/\/andelsa.es\/fr\/wp-json\/wp\/v2\/pages"}],"about":[{"href":"https:\/\/andelsa.es\/fr\/wp-json\/wp\/v2\/types\/page"}],"author":[{"embeddable":true,"href":"https:\/\/andelsa.es\/fr\/wp-json\/wp\/v2\/users\/1"}],"replies":[{"embeddable":true,"href":"https:\/\/andelsa.es\/fr\/wp-json\/wp\/v2\/comments?post=6942"}],"version-history":[{"count":5,"href":"https:\/\/andelsa.es\/fr\/wp-json\/wp\/v2\/pages\/6942\/revisions"}],"predecessor-version":[{"id":7793,"href":"https:\/\/andelsa.es\/fr\/wp-json\/wp\/v2\/pages\/6942\/revisions\/7793"}],"wp:attachment":[{"href":"https:\/\/andelsa.es\/fr\/wp-json\/wp\/v2\/media?parent=6942"}],"curies":[{"name":"wp","href":"https:\/\/api.w.org\/{rel}","templated":true}]}}