{"id":7163,"date":"2021-05-03T12:46:48","date_gmt":"2021-05-03T12:46:48","guid":{"rendered":"https:\/\/andelsa.es\/?page_id=7163"},"modified":"2022-07-06T10:58:14","modified_gmt":"2022-07-06T10:58:14","slug":"downloads","status":"publish","type":"page","link":"https:\/\/andelsa.es\/de\/downloads\/","title":{"rendered":"Downloads"},"content":{"rendered":"","protected":false},"excerpt":{"rendered":"","protected":false},"author":1,"featured_media":0,"parent":0,"menu_order":0,"comment_status":"closed","ping_status":"closed","template":"","meta":{"footnotes":""},"class_list":["post-7163","page","type-page","status-publish","hentry"],"yoast_head":"<!-- This site is optimized with the Yoast SEO plugin v27.4 - https:\/\/yoast.com\/product\/yoast-seo-wordpress\/ -->\n<title>Andel - Downloads<\/title>\n<meta name=\"description\" content=\"Andel lleva 40 a\u00f1os dedicada a dar soluciones t\u00e9cnicas y constructivas al sector del transporte y la distribuci\u00f3n de energ\u00eda el\u00e9ctrica.\" \/>\n<meta name=\"robots\" content=\"index, follow, max-snippet:-1, max-image-preview:large, max-video-preview:-1\" \/>\n<link rel=\"canonical\" href=\"https:\/\/andelsa.es\/de\/downloads\/\" \/>\n<meta property=\"og:locale\" content=\"de_DE\" \/>\n<meta property=\"og:type\" content=\"article\" \/>\n<meta property=\"og:title\" content=\"Andel - Downloads\" \/>\n<meta property=\"og:description\" content=\"Andel lleva 40 a\u00f1os dedicada a dar soluciones t\u00e9cnicas y constructivas al sector del transporte y la distribuci\u00f3n de energ\u00eda el\u00e9ctrica.\" \/>\n<meta property=\"og:url\" content=\"https:\/\/andelsa.es\/de\/downloads\/\" \/>\n<meta property=\"og:site_name\" content=\"Andel\" \/>\n<meta property=\"article:modified_time\" content=\"2022-07-06T10:58:14+00:00\" \/>\n<meta property=\"og:image\" content=\"https:\/\/andelsa.es\/wp-content\/uploads\/2021\/04\/facebook-andel-reds.jpg\" \/>\n\t<meta property=\"og:image:width\" content=\"379\" \/>\n\t<meta property=\"og:image:height\" content=\"261\" \/>\n\t<meta property=\"og:image:type\" content=\"image\/jpeg\" \/>\n<meta name=\"twitter:card\" content=\"summary_large_image\" \/>\n<script type=\"application\/ld+json\" class=\"yoast-schema-graph\">{\"@context\":\"https:\\\/\\\/schema.org\",\"@graph\":[{\"@type\":\"WebPage\",\"@id\":\"https:\\\/\\\/andelsa.es\\\/de\\\/downloads\\\/\",\"url\":\"https:\\\/\\\/andelsa.es\\\/de\\\/downloads\\\/\",\"name\":\"Andel - Downloads\",\"isPartOf\":{\"@id\":\"https:\\\/\\\/andelsa.es\\\/de\\\/#website\"},\"datePublished\":\"2021-05-03T12:46:48+00:00\",\"dateModified\":\"2022-07-06T10:58:14+00:00\",\"description\":\"Andel lleva 40 a\u00f1os dedicada a dar soluciones t\u00e9cnicas y constructivas al sector del transporte y la distribuci\u00f3n de energ\u00eda el\u00e9ctrica.\",\"breadcrumb\":{\"@id\":\"https:\\\/\\\/andelsa.es\\\/de\\\/downloads\\\/#breadcrumb\"},\"inLanguage\":\"de\",\"potentialAction\":[{\"@type\":\"ReadAction\",\"target\":[\"https:\\\/\\\/andelsa.es\\\/de\\\/downloads\\\/\"]}]},{\"@type\":\"BreadcrumbList\",\"@id\":\"https:\\\/\\\/andelsa.es\\\/de\\\/downloads\\\/#breadcrumb\",\"itemListElement\":[{\"@type\":\"ListItem\",\"position\":1,\"name\":\"Portada\",\"item\":\"https:\\\/\\\/andelsa.es\\\/de\\\/\"},{\"@type\":\"ListItem\",\"position\":2,\"name\":\"Downloads\"}]},{\"@type\":\"WebSite\",\"@id\":\"https:\\\/\\\/andelsa.es\\\/de\\\/#website\",\"url\":\"https:\\\/\\\/andelsa.es\\\/de\\\/\",\"name\":\"Andel\",\"description\":\"Fabricaci\u00f3n de estructuras met\u00e1licas\",\"publisher\":{\"@id\":\"https:\\\/\\\/andelsa.es\\\/de\\\/#organization\"},\"potentialAction\":[{\"@type\":\"SearchAction\",\"target\":{\"@type\":\"EntryPoint\",\"urlTemplate\":\"https:\\\/\\\/andelsa.es\\\/de\\\/?s={search_term_string}\"},\"query-input\":{\"@type\":\"PropertyValueSpecification\",\"valueRequired\":true,\"valueName\":\"search_term_string\"}}],\"inLanguage\":\"de\"},{\"@type\":\"Organization\",\"@id\":\"https:\\\/\\\/andelsa.es\\\/de\\\/#organization\",\"name\":\"Andel S.L\",\"url\":\"https:\\\/\\\/andelsa.es\\\/de\\\/\",\"logo\":{\"@type\":\"ImageObject\",\"inLanguage\":\"de\",\"@id\":\"https:\\\/\\\/andelsa.es\\\/de\\\/#\\\/schema\\\/logo\\\/image\\\/\",\"url\":\"https:\\\/\\\/andelsa.es\\\/wp-content\\\/uploads\\\/2021\\\/03\\\/Logo-Andel-1.png\",\"contentUrl\":\"https:\\\/\\\/andelsa.es\\\/wp-content\\\/uploads\\\/2021\\\/03\\\/Logo-Andel-1.png\",\"width\":2395,\"height\":886,\"caption\":\"Andel S.L\"},\"image\":{\"@id\":\"https:\\\/\\\/andelsa.es\\\/de\\\/#\\\/schema\\\/logo\\\/image\\\/\"},\"sameAs\":[\"https:\\\/\\\/es.linkedin.com\\\/company\\\/andelsa\"]}]}<\/script>\n<!-- \/ Yoast SEO plugin. -->","yoast_head_json":{"title":"Andel - Downloads","description":"Andel lleva 40 a\u00f1os dedicada a dar soluciones t\u00e9cnicas y constructivas al sector del transporte y la distribuci\u00f3n de energ\u00eda el\u00e9ctrica.","robots":{"index":"index","follow":"follow","max-snippet":"max-snippet:-1","max-image-preview":"max-image-preview:large","max-video-preview":"max-video-preview:-1"},"canonical":"https:\/\/andelsa.es\/de\/downloads\/","og_locale":"de_DE","og_type":"article","og_title":"Andel - Downloads","og_description":"Andel lleva 40 a\u00f1os dedicada a dar soluciones t\u00e9cnicas y constructivas al sector del transporte y la distribuci\u00f3n de energ\u00eda el\u00e9ctrica.","og_url":"https:\/\/andelsa.es\/de\/downloads\/","og_site_name":"Andel","article_modified_time":"2022-07-06T10:58:14+00:00","og_image":[{"width":379,"height":261,"url":"https:\/\/andelsa.es\/wp-content\/uploads\/2021\/04\/facebook-andel-reds.jpg","type":"image\/jpeg"}],"twitter_card":"summary_large_image","schema":{"@context":"https:\/\/schema.org","@graph":[{"@type":"WebPage","@id":"https:\/\/andelsa.es\/de\/downloads\/","url":"https:\/\/andelsa.es\/de\/downloads\/","name":"Andel - Downloads","isPartOf":{"@id":"https:\/\/andelsa.es\/de\/#website"},"datePublished":"2021-05-03T12:46:48+00:00","dateModified":"2022-07-06T10:58:14+00:00","description":"Andel lleva 40 a\u00f1os dedicada a dar soluciones t\u00e9cnicas y constructivas al sector del transporte y la distribuci\u00f3n de energ\u00eda el\u00e9ctrica.","breadcrumb":{"@id":"https:\/\/andelsa.es\/de\/downloads\/#breadcrumb"},"inLanguage":"de","potentialAction":[{"@type":"ReadAction","target":["https:\/\/andelsa.es\/de\/downloads\/"]}]},{"@type":"BreadcrumbList","@id":"https:\/\/andelsa.es\/de\/downloads\/#breadcrumb","itemListElement":[{"@type":"ListItem","position":1,"name":"Portada","item":"https:\/\/andelsa.es\/de\/"},{"@type":"ListItem","position":2,"name":"Downloads"}]},{"@type":"WebSite","@id":"https:\/\/andelsa.es\/de\/#website","url":"https:\/\/andelsa.es\/de\/","name":"Andel","description":"Fabricaci\u00f3n de estructuras met\u00e1licas","publisher":{"@id":"https:\/\/andelsa.es\/de\/#organization"},"potentialAction":[{"@type":"SearchAction","target":{"@type":"EntryPoint","urlTemplate":"https:\/\/andelsa.es\/de\/?s={search_term_string}"},"query-input":{"@type":"PropertyValueSpecification","valueRequired":true,"valueName":"search_term_string"}}],"inLanguage":"de"},{"@type":"Organization","@id":"https:\/\/andelsa.es\/de\/#organization","name":"Andel S.L","url":"https:\/\/andelsa.es\/de\/","logo":{"@type":"ImageObject","inLanguage":"de","@id":"https:\/\/andelsa.es\/de\/#\/schema\/logo\/image\/","url":"https:\/\/andelsa.es\/wp-content\/uploads\/2021\/03\/Logo-Andel-1.png","contentUrl":"https:\/\/andelsa.es\/wp-content\/uploads\/2021\/03\/Logo-Andel-1.png","width":2395,"height":886,"caption":"Andel S.L"},"image":{"@id":"https:\/\/andelsa.es\/de\/#\/schema\/logo\/image\/"},"sameAs":["https:\/\/es.linkedin.com\/company\/andelsa"]}]}},"_links":{"self":[{"href":"https:\/\/andelsa.es\/de\/wp-json\/wp\/v2\/pages\/7163","targetHints":{"allow":["GET"]}}],"collection":[{"href":"https:\/\/andelsa.es\/de\/wp-json\/wp\/v2\/pages"}],"about":[{"href":"https:\/\/andelsa.es\/de\/wp-json\/wp\/v2\/types\/page"}],"author":[{"embeddable":true,"href":"https:\/\/andelsa.es\/de\/wp-json\/wp\/v2\/users\/1"}],"replies":[{"embeddable":true,"href":"https:\/\/andelsa.es\/de\/wp-json\/wp\/v2\/comments?post=7163"}],"version-history":[{"count":3,"href":"https:\/\/andelsa.es\/de\/wp-json\/wp\/v2\/pages\/7163\/revisions"}],"predecessor-version":[{"id":7474,"href":"https:\/\/andelsa.es\/de\/wp-json\/wp\/v2\/pages\/7163\/revisions\/7474"}],"wp:attachment":[{"href":"https:\/\/andelsa.es\/de\/wp-json\/wp\/v2\/media?parent=7163"}],"curies":[{"name":"wp","href":"https:\/\/api.w.org\/{rel}","templated":true}]}}